{"id":283,"date":"2025-10-25T14:41:41","date_gmt":"2025-10-25T14:41:41","guid":{"rendered":"https:\/\/marthahernandezabogada.com\/?page_id=283"},"modified":"2025-11-26T17:13:22","modified_gmt":"2025-11-26T17:13:22","slug":"formulario","status":"publish","type":"page","link":"https:\/\/marthahernandezabogada.com\/?page_id=283","title":{"rendered":"Formulario"},"content":{"rendered":"<p>[et_pb_section fb_built=\u00bb1&#8243; admin_label=\u00bbHeader\u00bb _builder_version=\u00bb4.27.4&#8243; _module_preset=\u00bbdefault\u00bb background_color=\u00bb#f9f6f1&#8243; background_enable_image=\u00bboff\u00bb custom_padding=\u00bb||0px|||\u00bb background_color_gradient_direction_tablet=\u00bb180deg\u00bb collapsed=\u00bbon\u00bb global_colors_info=\u00bb{}\u00bb][et_pb_row _builder_version=\u00bb4.27.4&#8243; _module_preset=\u00bbdefault\u00bb global_colors_info=\u00bb{}\u00bb][et_pb_column type=\u00bb4_4&#8243; _builder_version=\u00bb4.27.4&#8243; _module_preset=\u00bbdefault\u00bb global_colors_info=\u00bb{}\u00bb][et_pb_heading title=\u00bbCu\u00e9ntame tu Caso. Te Escucho.\u00bb _builder_version=\u00bb4.27.4&#8243; _module_preset=\u00bbdefault\u00bb title_text_align=\u00bbcenter\u00bb title_text_color=\u00bbgcid-body-color\u00bb title_font_size=\u00bb78px\u00bb global_colors_info=\u00bb{%22gcid-body-color%22:%91%22title_text_color%22%93}\u00bb][\/et_pb_heading][\/et_pb_column][\/et_pb_row][et_pb_row column_structure=\u00bb3_5,2_5&#8243; custom_padding_last_edited=\u00bbon|desktop\u00bb _builder_version=\u00bb4.27.4&#8243; _module_preset=\u00bbdefault\u00bb background_color=\u00bbgcid-d25112c0-7b42-46ff-8371-eb895a856019&#8243; custom_padding=\u00bb40px|40px|40px|40px|true|true\u00bb custom_padding_tablet=\u00bb|40px||40px|false|true\u00bb custom_padding_phone=\u00bb|20px||20px|false|true\u00bb global_colors_info=\u00bb{%22gcid-d25112c0-7b42-46ff-8371-eb895a856019%22:%91%22background_color%22%93}\u00bb][et_pb_column type=\u00bb3_5&#8243; _builder_version=\u00bb4.27.4&#8243; _module_preset=\u00bbdefault\u00bb background_color=\u00bbgcid-d25112c0-7b42-46ff-8371-eb895a856019&#8243; custom_padding_tablet=\u00bb|30px||30px|false|true\u00bb custom_padding_phone=\u00bb|20px||20px|false|true\u00bb custom_padding_last_edited=\u00bbon|tablet\u00bb global_colors_info=\u00bb{%22gcid-d25112c0-7b42-46ff-8371-eb895a856019%22:%91%22background_color%22%93}\u00bb][et_pb_contact_form captcha=\u00bboff\u00bb email=\u00bbInfo@marthahernandezabogada.com\u00bb custom_message=\u00bb||et_pb_line_break_holder||\u00a1NUEVO LEAD DE LA WEB!||et_pb_line_break_holder||||et_pb_line_break_holder||Nombre del Cliente: %%Nombre%%||et_pb_line_break_holder||M\u00f3vil de Contacto: %%Movil%%||et_pb_line_break_holder||Correo Electr\u00f3nico: %%E-mail%%||et_pb_line_break_holder||Servicio Solicitado: %%Servicio%%||et_pb_line_break_holder||Presupuesto Indicado: %%Presupuesto%%||et_pb_line_break_holder||Mensaje de la Consulta: %%Mensaje%%||et_pb_line_break_holder||Recibir comunicaciones: %%Recibir_informacion%%||et_pb_line_break_holder||Acepta pol\u00edticas:  %%Politicas%%||et_pb_line_break_holder||||et_pb_line_break_holder||%91Este mensaje fue enviado desde la p\u00e1gina web, \u00a1prioridad!%93&#8243; use_redirect=\u00bbon\u00bb redirect_url=\u00bbhttps:\/\/marthahernandezabogada.com\/?page_id=428&#8243; success_message=\u00bbHe recibido tu consulta y me pondr\u00e9 en contacto contigo lo antes posible.  Creo que cada caso es una historia importante, por eso revisare tu solicitud con la atenci\u00f3n y confidencialidad que merece.\u00bb submit_button_text=\u00bbenviar\u00bb _builder_version=\u00bb4.27.4&#8243; _module_preset=\u00bbae998534-8b3a-41f4-bdcd-a2c74fe7e4c7&#8243; form_field_text_color=\u00bbgcid-body-color\u00bb button_text_color=\u00bbgcid-d25112c0-7b42-46ff-8371-eb895a856019&#8243; button_bg_color=\u00bbgcid-body-color\u00bb button_border_color=\u00bbgcid-body-color\u00bb button_border_radius=\u00bb15px\u00bb button_letter_spacing=\u00bb2px\u00bb hover_enabled=\u00bb0&#8243; button_letter_spacing_tablet=\u00bb\u00bb button_letter_spacing_phone=\u00bb\u00bb button_letter_spacing_last_edited=\u00bbon|desktop\u00bb border_color_all=\u00bbgcid-secondary-color\u00bb locked=\u00bboff\u00bb global_colors_info=\u00bb{%22gcid-606d042f-c90f-4ea6-97e7-7b08f1ba25f6%22:%91%22button_bg_color%22,%22form_field_text_color%22,%22border_color_all%22,%22form_field_text_color%22,%22border_color_all%22,%22form_field_text_color%22,%22border_color_all%22,%22form_field_text_color%22,%22border_color_all%22,%22form_field_text_color%22,%22border_color_all%22,%22border_color_all%22%93,%22gcid-secondary-color%22:%91%22border_color_all%22%93,%22gcid-body-color%22:%91%22form_field_text_color%22,%22button_border_color%22,%22button_bg_color%22%93,%22gcid-d25112c0-7b42-46ff-8371-eb895a856019%22:%91%22button_text_color%22%93}\u00bb sticky_enabled=\u00bb0&#8243;][et_pb_contact_field field_id=\u00bbNombre\u00bb field_title=\u00bbNombre\u00bb fullwidth_field=\u00bbon\u00bb _builder_version=\u00bb4.27.4&#8243; _module_preset=\u00bbdefault\u00bb global_colors_info=\u00bb{}\u00bb button_text_size__hover_enabled=\u00bboff\u00bb button_one_text_size__hover_enabled=\u00bboff\u00bb button_two_text_size__hover_enabled=\u00bboff\u00bb button_text_color__hover_enabled=\u00bboff\u00bb button_one_text_color__hover_enabled=\u00bboff\u00bb button_two_text_color__hover_enabled=\u00bboff\u00bb button_border_width__hover_enabled=\u00bboff\u00bb button_one_border_width__hover_enabled=\u00bboff\u00bb button_two_border_width__hover_enabled=\u00bboff\u00bb button_border_color__hover_enabled=\u00bboff\u00bb button_one_border_color__hover_enabled=\u00bboff\u00bb button_two_border_color__hover_enabled=\u00bboff\u00bb button_border_radius__hover_enabled=\u00bboff\u00bb button_one_border_radius__hover_enabled=\u00bboff\u00bb button_two_border_radius__hover_enabled=\u00bboff\u00bb button_letter_spacing__hover_enabled=\u00bboff\u00bb button_one_letter_spacing__hover_enabled=\u00bboff\u00bb button_two_letter_spacing__hover_enabled=\u00bboff\u00bb button_bg_color__hover_enabled=\u00bboff\u00bb button_one_bg_color__hover_enabled=\u00bboff\u00bb button_two_bg_color__hover_enabled=\u00bboff\u00bb][\/et_pb_contact_field][et_pb_contact_field field_id=\u00bbMovil\u00bb field_title=\u00bbM\u00f3vil\u00bb fullwidth_field=\u00bbon\u00bb _builder_version=\u00bb4.27.4&#8243; _module_preset=\u00bbdefault\u00bb global_colors_info=\u00bb{}\u00bb button_text_size__hover_enabled=\u00bboff\u00bb button_one_text_size__hover_enabled=\u00bboff\u00bb button_two_text_size__hover_enabled=\u00bboff\u00bb button_text_color__hover_enabled=\u00bboff\u00bb button_one_text_color__hover_enabled=\u00bboff\u00bb button_two_text_color__hover_enabled=\u00bboff\u00bb button_border_width__hover_enabled=\u00bboff\u00bb button_one_border_width__hover_enabled=\u00bboff\u00bb button_two_border_width__hover_enabled=\u00bboff\u00bb button_border_color__hover_enabled=\u00bboff\u00bb button_one_border_color__hover_enabled=\u00bboff\u00bb button_two_border_color__hover_enabled=\u00bboff\u00bb button_border_radius__hover_enabled=\u00bboff\u00bb button_one_border_radius__hover_enabled=\u00bboff\u00bb button_two_border_radius__hover_enabled=\u00bboff\u00bb button_letter_spacing__hover_enabled=\u00bboff\u00bb button_one_letter_spacing__hover_enabled=\u00bboff\u00bb button_two_letter_spacing__hover_enabled=\u00bboff\u00bb button_bg_color__hover_enabled=\u00bboff\u00bb button_one_bg_color__hover_enabled=\u00bboff\u00bb button_two_bg_color__hover_enabled=\u00bboff\u00bb][\/et_pb_contact_field][et_pb_contact_field field_id=\u00bbE-mail\u00bb field_title=\u00bbE-mail\u00bb field_type=\u00bbemail\u00bb fullwidth_field=\u00bbon\u00bb _builder_version=\u00bb4.27.4&#8243; _module_preset=\u00bbdefault\u00bb global_colors_info=\u00bb{}\u00bb button_text_size__hover_enabled=\u00bboff\u00bb button_one_text_size__hover_enabled=\u00bboff\u00bb button_two_text_size__hover_enabled=\u00bboff\u00bb button_text_color__hover_enabled=\u00bboff\u00bb button_one_text_color__hover_enabled=\u00bboff\u00bb button_two_text_color__hover_enabled=\u00bboff\u00bb button_border_width__hover_enabled=\u00bboff\u00bb button_one_border_width__hover_enabled=\u00bboff\u00bb button_two_border_width__hover_enabled=\u00bboff\u00bb button_border_color__hover_enabled=\u00bboff\u00bb button_one_border_color__hover_enabled=\u00bboff\u00bb button_two_border_color__hover_enabled=\u00bboff\u00bb button_border_radius__hover_enabled=\u00bboff\u00bb button_one_border_radius__hover_enabled=\u00bboff\u00bb button_two_border_radius__hover_enabled=\u00bboff\u00bb button_letter_spacing__hover_enabled=\u00bboff\u00bb button_one_letter_spacing__hover_enabled=\u00bboff\u00bb button_two_letter_spacing__hover_enabled=\u00bboff\u00bb button_bg_color__hover_enabled=\u00bboff\u00bb button_one_bg_color__hover_enabled=\u00bboff\u00bb button_two_bg_color__hover_enabled=\u00bboff\u00bb][\/et_pb_contact_field][et_pb_contact_field field_id=\u00bbServicio\u00bb field_title=\u00bbServicio\u00bb field_type=\u00bbselect\u00bb select_options=\u00bb%91{%22value%22:%22Extranjer\u00eda%22,%22checked%22:0,%22dragID%22:-1},{%22value%22:%22Familia%22,%22checked%22:0,%22dragID%22:0},{%22value%22:%22Derechos Digitales Infancia%22,%22checked%22:0,%22dragID%22:1},{%22value%22:%22Exequatur%22,%22checked%22:0,%22dragID%22:2},{%22value%22:%22Otro%22,%22checked%22:0,%22dragID%22:3}%93&#8243; fullwidth_field=\u00bbon\u00bb _builder_version=\u00bb4.27.4&#8243; _module_preset=\u00bbdefault\u00bb global_colors_info=\u00bb{}\u00bb][\/et_pb_contact_field][et_pb_contact_field field_id=\u00bbPresupuesto\u00bb field_title=\u00bb\u00bfTienes un presupuesto estimado para este proceso?\u00bb field_type=\u00bbselect\u00bb select_options=\u00bb%91{%22value%22:%22A\u00fan no tengo un presupuesto definido%22,%22checked%22:0,%22dragID%22:-1},{%22value%22:%22Menos de 300 \u20ac%22,%22checked%22:0,%22dragID%22:0},{%22value%22:%22Entre 300 \u20ac y 600 \u20ac%22,%22checked%22:0,%22dragID%22:1},{%22value%22:%22Entre 600 \u20ac y 1.000 \u20ac%22,%22checked%22:0,%22dragID%22:2},{%22value%22:%22M\u00e1s de 1.000 \u20ac%22,%22checked%22:0,%22dragID%22:3}%93&#8243; fullwidth_field=\u00bbon\u00bb _builder_version=\u00bb4.27.4&#8243; _module_preset=\u00bbdefault\u00bb global_colors_info=\u00bb{}\u00bb][\/et_pb_contact_field][et_pb_contact_field field_id=\u00bbMensaje\u00bb field_title=\u00bbMensaje\u00bb field_type=\u00bbtext\u00bb fullwidth_field=\u00bbon\u00bb _builder_version=\u00bb4.27.4&#8243; _module_preset=\u00bbdefault\u00bb global_colors_info=\u00bb{}\u00bb button_text_size__hover_enabled=\u00bboff\u00bb button_one_text_size__hover_enabled=\u00bboff\u00bb button_two_text_size__hover_enabled=\u00bboff\u00bb button_text_color__hover_enabled=\u00bboff\u00bb button_one_text_color__hover_enabled=\u00bboff\u00bb button_two_text_color__hover_enabled=\u00bboff\u00bb button_border_width__hover_enabled=\u00bboff\u00bb button_one_border_width__hover_enabled=\u00bboff\u00bb button_two_border_width__hover_enabled=\u00bboff\u00bb button_border_color__hover_enabled=\u00bboff\u00bb button_one_border_color__hover_enabled=\u00bboff\u00bb button_two_border_color__hover_enabled=\u00bboff\u00bb button_border_radius__hover_enabled=\u00bboff\u00bb button_one_border_radius__hover_enabled=\u00bboff\u00bb button_two_border_radius__hover_enabled=\u00bboff\u00bb button_letter_spacing__hover_enabled=\u00bboff\u00bb button_one_letter_spacing__hover_enabled=\u00bboff\u00bb button_two_letter_spacing__hover_enabled=\u00bboff\u00bb button_bg_color__hover_enabled=\u00bboff\u00bb button_one_bg_color__hover_enabled=\u00bboff\u00bb button_two_bg_color__hover_enabled=\u00bboff\u00bb][\/et_pb_contact_field][et_pb_contact_field field_id=\u00bbRecibir_informacion\u00bb field_title=\u00bb \u00bb field_type=\u00bbcheckbox\u00bb checkbox_options=\u00bb%91{%22value%22:%22Deseo recibir env\u00edo de comunicaciones electr\u00f3nicas informativas relativas a las actividades, productos o servicios por correo electr\u00f3nico, postal o fax.%22,%22checked%22:0,%22dragID%22:-1,%22link_url%22:%22%22,%22link_text%22:%22%22}%93&#8243; required_mark=\u00bboff\u00bb fullwidth_field=\u00bbon\u00bb _builder_version=\u00bb4.27.4&#8243; _module_preset=\u00bbdefault\u00bb form_field_background_color=\u00bbgcid-primary-color\u00bb form_field_focus_background_color=\u00bb#FFFFFF\u00bb form_field_focus_text_color=\u00bb#7CDA24&#8243; global_colors_info=\u00bb{%22gcid-primary-color%22:%91%22form_field_background_color%22%93}\u00bb][\/et_pb_contact_field][et_pb_contact_field field_id=\u00bbPoliticas\u00bb field_title=\u00bb \u00bb field_type=\u00bbcheckbox\u00bb checkbox_options=\u00bb%91{%22value%22:%22 He le\u00eddo y acepto el Aviso Legal y la Pol\u00edtica de Privacidad%22,%22checked%22:0,%22dragID%22:-1}%93&#8243; fullwidth_field=\u00bbon\u00bb _builder_version=\u00bb4.27.4&#8243; _module_preset=\u00bbdefault\u00bb form_field_background_color=\u00bbgcid-primary-color\u00bb form_field_focus_background_color=\u00bb#FFFFFF\u00bb form_field_focus_text_color=\u00bb#7CDA24&#8243; global_colors_info=\u00bb{%22gcid-primary-color%22:%91%22form_field_background_color%22%93}\u00bb][\/et_pb_contact_field][\/et_pb_contact_form][\/et_pb_column][et_pb_column type=\u00bb2_5&#8243; _builder_version=\u00bb4.20.0&#8243; _module_preset=\u00bbdefault\u00bb custom_padding_tablet=\u00bb|30px||30px|false|true\u00bb custom_padding_phone=\u00bb|20px||20px|false|true\u00bb custom_padding_last_edited=\u00bbon|tablet\u00bb global_colors_info=\u00bb{}\u00bb][et_pb_image src=\u00bbhttps:\/\/marthahernandezabogada.com\/wp-content\/uploads\/2025\/10\/mkuesters_Marta_Fin_highres-22-scaled.jpg\u00bb title_text=\u00bbmkuesters_Marta_Fin_highres-22&#8243; force_fullwidth=\u00bbon\u00bb _builder_version=\u00bb4.27.4&#8243; _module_preset=\u00bbdefault\u00bb global_colors_info=\u00bb{}\u00bb][\/et_pb_image][\/et_pb_column][\/et_pb_row][et_pb_row _builder_version=\u00bb4.27.4&#8243; _module_preset=\u00bbdefault\u00bb global_colors_info=\u00bb{}\u00bb][et_pb_column type=\u00bb4_4&#8243; _builder_version=\u00bb4.27.4&#8243; _module_preset=\u00bbdefault\u00bb global_colors_info=\u00bb{}\u00bb][\/et_pb_column][\/et_pb_row][\/et_pb_section][et_pb_section fb_built=\u00bb1&#8243; admin_label=\u00bbContact Info\u00bb _builder_version=\u00bb4.27.4&#8243; _module_preset=\u00bbdefault\u00bb background_color=\u00bb#f9f6f1&#8243; collapsed=\u00bbon\u00bb global_colors_info=\u00bb{}\u00bb][et_pb_row column_structure=\u00bb1_3,1_3,1_3&#8243; use_custom_gutter=\u00bbon\u00bb gutter_width=\u00bb2&#8243; _builder_version=\u00bb4.20.0&#8243; _module_preset=\u00bbdefault\u00bb global_colors_info=\u00bb{}\u00bb][et_pb_column type=\u00bb1_3&#8243; _builder_version=\u00bb4.20.0&#8243; _module_preset=\u00bbdefault\u00bb global_colors_info=\u00bb{}\u00bb][et_pb_icon font_icon=\u00bb&#xf2b6;||fa||900&#8243; icon_color=\u00bb#c3b5ab\u00bb icon_width=\u00bb32px\u00bb align=\u00bbleft\u00bb _builder_version=\u00bb4.27.4&#8243; _module_preset=\u00bbdefault\u00bb global_colors_info=\u00bb{}\u00bb][\/et_pb_icon][et_pb_text _builder_version=\u00bb4.27.4&#8243; _module_preset=\u00bbf77f77bf-f24b-438f-83b0-fffb1d1574d0&#8243; text_text_color=\u00bbgcid-body-color\u00bb header_text_color=\u00bbgcid-body-color\u00bb header_4_text_color=\u00bbgcid-body-color\u00bb custom_margin=\u00bb||0px||false|false\u00bb global_colors_info=\u00bb{%22gcid-body-color%22:%91%22text_text_color%22,%22header_text_color%22,%22header_4_text_color%22%93}\u00bb]<\/p>\n<h4>Email<\/h4>\n<p>[\/et_pb_text][et_pb_text _builder_version=\u00bb4.27.4&#8243; _module_preset=\u00bbfe43e5c1-c514-4300-bc36-be7393763874&#8243; text_text_color=\u00bbgcid-secondary-color\u00bb link_text_color=\u00bbgcid-606d042f-c90f-4ea6-97e7-7b08f1ba25f6&#8243; global_colors_info=\u00bb{%22gcid-606d042f-c90f-4ea6-97e7-7b08f1ba25f6%22:%91%22link_text_color%22%93,%22gcid-secondary-color%22:%91%22text_text_color%22%93}\u00bb]<\/p>\n<p><a href=\"mailto:#\">legal@marthahernandezabogada.com<\/a><\/p>\n<p>[\/et_pb_text][\/et_pb_column][et_pb_column type=\u00bb1_3&#8243; _builder_version=\u00bb4.20.0&#8243; _module_preset=\u00bbdefault\u00bb global_colors_info=\u00bb{}\u00bb][et_pb_icon font_icon=\u00bb&#xe090;||divi||400&#8243; icon_color=\u00bbgcid-7a02f245-10cf-4ba2-ac73-385345b5f54a\u00bb icon_width=\u00bb32px\u00bb align=\u00bbleft\u00bb _builder_version=\u00bb4.27.4&#8243; _module_preset=\u00bbdefault\u00bb global_colors_info=\u00bb{%22gcid-7a02f245-10cf-4ba2-ac73-385345b5f54a%22:%91%22icon_color%22%93}\u00bb][\/et_pb_icon][et_pb_text _builder_version=\u00bb4.27.4&#8243; _module_preset=\u00bbf77f77bf-f24b-438f-83b0-fffb1d1574d0&#8243; header_4_text_color=\u00bbgcid-body-color\u00bb custom_margin=\u00bb||0px||false|false\u00bb global_colors_info=\u00bb{%22gcid-body-color%22:%91%22header_4_text_color%22%93}\u00bb]<\/p>\n<h4>M\u00f3vil<\/h4>\n<p>[\/et_pb_text][et_pb_text _builder_version=\u00bb4.27.4&#8243; _module_preset=\u00bbfe43e5c1-c514-4300-bc36-be7393763874&#8243; link_text_color=\u00bbgcid-606d042f-c90f-4ea6-97e7-7b08f1ba25f6&#8243; global_colors_info=\u00bb{%22gcid-606d042f-c90f-4ea6-97e7-7b08f1ba25f6%22:%91%22text_text_color%22,%22link_text_color%22%93}\u00bb]+34 656 57 86 98[\/et_pb_text][\/et_pb_column][et_pb_column type=\u00bb1_3&#8243; _builder_version=\u00bb4.20.0&#8243; _module_preset=\u00bbdefault\u00bb global_colors_info=\u00bb{}\u00bb][et_pb_icon font_icon=\u00bb&#xf3c5;||fa||900&#8243; icon_color=\u00bbgcid-7a02f245-10cf-4ba2-ac73-385345b5f54a\u00bb icon_width=\u00bb32px\u00bb align=\u00bbleft\u00bb _builder_version=\u00bb4.27.4&#8243; _module_preset=\u00bbdefault\u00bb global_colors_info=\u00bb{%22gcid-7a02f245-10cf-4ba2-ac73-385345b5f54a%22:%91%22icon_color%22%93}\u00bb][\/et_pb_icon][et_pb_text _builder_version=\u00bb4.27.4&#8243; _module_preset=\u00bbf77f77bf-f24b-438f-83b0-fffb1d1574d0&#8243; header_4_text_color=\u00bbgcid-body-color\u00bb custom_margin=\u00bb||0px||false|false\u00bb global_colors_info=\u00bb{%22gcid-body-color%22:%91%22header_4_text_color%22%93}\u00bb]<\/p>\n<h4>Direcci\u00f3n<\/h4>\n<p>[\/et_pb_text][et_pb_text _builder_version=\u00bb4.27.4&#8243; _module_preset=\u00bbfe43e5c1-c514-4300-bc36-be7393763874&#8243; link_text_color=\u00bbgcid-606d042f-c90f-4ea6-97e7-7b08f1ba25f6&#8243; global_colors_info=\u00bb{%22gcid-606d042f-c90f-4ea6-97e7-7b08f1ba25f6%22:%91%22text_text_color%22,%22link_text_color%22%93}\u00bb]Calle Vel\u00e1zquez 27, 1 exterior<br \/>\nizquierda. Madrid , 28001.[\/et_pb_text][\/et_pb_column][\/et_pb_row][\/et_pb_section]<\/p>\n","protected":false},"excerpt":{"rendered":"<p>Emaillegal@marthahernandezabogada.comM\u00f3vil+34 656 57 86 98Direcci\u00f3nCalle Vel\u00e1zquez 27, 1 exterior izquierda. Madrid , 28001.<\/p>\n","protected":false},"author":1,"featured_media":0,"parent":0,"menu_order":0,"comment_status":"closed","ping_status":"closed","template":"","meta":{"_et_pb_use_builder":"on","_et_pb_old_content":"","_et_gb_content_width":"","footnotes":""},"class_list":["post-283","page","type-page","status-publish","hentry"],"yoast_head":"<!-- This site is optimized with the Yoast SEO plugin v27.0 - https:\/\/yoast.com\/product\/yoast-seo-wordpress\/ -->\n<title>Formulario - Abogada Martha Hern\u00e1ndez<\/title>\n<meta name=\"robots\" content=\"index, follow, max-snippet:-1, max-image-preview:large, max-video-preview:-1\" \/>\n<link rel=\"canonical\" href=\"https:\/\/marthahernandezabogada.com\/?page_id=283\" \/>\n<meta property=\"og:locale\" content=\"es_ES\" \/>\n<meta property=\"og:type\" content=\"article\" \/>\n<meta property=\"og:title\" content=\"Formulario - Abogada Martha Hern\u00e1ndez\" \/>\n<meta property=\"og:description\" content=\"Emaillegal@marthahernandezabogada.comM\u00f3vil+34 656 57 86 98Direcci\u00f3nCalle Vel\u00e1zquez 27, 1 exterior izquierda. Madrid , 28001.\" \/>\n<meta property=\"og:url\" content=\"https:\/\/marthahernandezabogada.com\/?page_id=283\" \/>\n<meta property=\"og:site_name\" content=\"Abogada Martha Hern\u00e1ndez\" \/>\n<meta property=\"article:modified_time\" content=\"2025-11-26T17:13:22+00:00\" \/>\n<meta name=\"twitter:card\" content=\"summary_large_image\" \/>\n<meta name=\"twitter:label1\" content=\"Tiempo de lectura\" \/>\n\t<meta name=\"twitter:data1\" content=\"11 minutos\" \/>\n<script type=\"application\/ld+json\" class=\"yoast-schema-graph\">{\"@context\":\"https:\/\/schema.org\",\"@graph\":[{\"@type\":\"WebPage\",\"@id\":\"https:\/\/marthahernandezabogada.com\/?page_id=283\",\"url\":\"https:\/\/marthahernandezabogada.com\/?page_id=283\",\"name\":\"Formulario - Abogada Martha Hern\u00e1ndez\",\"isPartOf\":{\"@id\":\"https:\/\/marthahernandezabogada.com\/#website\"},\"datePublished\":\"2025-10-25T14:41:41+00:00\",\"dateModified\":\"2025-11-26T17:13:22+00:00\",\"breadcrumb\":{\"@id\":\"https:\/\/marthahernandezabogada.com\/?page_id=283#breadcrumb\"},\"inLanguage\":\"es\",\"potentialAction\":[{\"@type\":\"ReadAction\",\"target\":[\"https:\/\/marthahernandezabogada.com\/?page_id=283\"]}]},{\"@type\":\"BreadcrumbList\",\"@id\":\"https:\/\/marthahernandezabogada.com\/?page_id=283#breadcrumb\",\"itemListElement\":[{\"@type\":\"ListItem\",\"position\":1,\"name\":\"Portada\",\"item\":\"https:\/\/marthahernandezabogada.com\/\"},{\"@type\":\"ListItem\",\"position\":2,\"name\":\"Formulario\"}]},{\"@type\":\"WebSite\",\"@id\":\"https:\/\/marthahernandezabogada.com\/#website\",\"url\":\"https:\/\/marthahernandezabogada.com\/\",\"name\":\"Abogada Martha Hern\u00e1ndez\",\"description\":\"Abogada experta en Derechos Humanos, Extranjer\u00eda e infancia\",\"potentialAction\":[{\"@type\":\"SearchAction\",\"target\":{\"@type\":\"EntryPoint\",\"urlTemplate\":\"https:\/\/marthahernandezabogada.com\/?s={search_term_string}\"},\"query-input\":{\"@type\":\"PropertyValueSpecification\",\"valueRequired\":true,\"valueName\":\"search_term_string\"}}],\"inLanguage\":\"es\"}]}<\/script>\n<!-- \/ Yoast SEO plugin. -->","yoast_head_json":{"title":"Formulario - Abogada Martha Hern\u00e1ndez","robots":{"index":"index","follow":"follow","max-snippet":"max-snippet:-1","max-image-preview":"max-image-preview:large","max-video-preview":"max-video-preview:-1"},"canonical":"https:\/\/marthahernandezabogada.com\/?page_id=283","og_locale":"es_ES","og_type":"article","og_title":"Formulario - Abogada Martha Hern\u00e1ndez","og_description":"Emaillegal@marthahernandezabogada.comM\u00f3vil+34 656 57 86 98Direcci\u00f3nCalle Vel\u00e1zquez 27, 1 exterior izquierda. Madrid , 28001.","og_url":"https:\/\/marthahernandezabogada.com\/?page_id=283","og_site_name":"Abogada Martha Hern\u00e1ndez","article_modified_time":"2025-11-26T17:13:22+00:00","twitter_card":"summary_large_image","twitter_misc":{"Tiempo de lectura":"11 minutos"},"schema":{"@context":"https:\/\/schema.org","@graph":[{"@type":"WebPage","@id":"https:\/\/marthahernandezabogada.com\/?page_id=283","url":"https:\/\/marthahernandezabogada.com\/?page_id=283","name":"Formulario - Abogada Martha Hern\u00e1ndez","isPartOf":{"@id":"https:\/\/marthahernandezabogada.com\/#website"},"datePublished":"2025-10-25T14:41:41+00:00","dateModified":"2025-11-26T17:13:22+00:00","breadcrumb":{"@id":"https:\/\/marthahernandezabogada.com\/?page_id=283#breadcrumb"},"inLanguage":"es","potentialAction":[{"@type":"ReadAction","target":["https:\/\/marthahernandezabogada.com\/?page_id=283"]}]},{"@type":"BreadcrumbList","@id":"https:\/\/marthahernandezabogada.com\/?page_id=283#breadcrumb","itemListElement":[{"@type":"ListItem","position":1,"name":"Portada","item":"https:\/\/marthahernandezabogada.com\/"},{"@type":"ListItem","position":2,"name":"Formulario"}]},{"@type":"WebSite","@id":"https:\/\/marthahernandezabogada.com\/#website","url":"https:\/\/marthahernandezabogada.com\/","name":"Abogada Martha Hern\u00e1ndez","description":"Abogada experta en Derechos Humanos, Extranjer\u00eda e infancia","potentialAction":[{"@type":"SearchAction","target":{"@type":"EntryPoint","urlTemplate":"https:\/\/marthahernandezabogada.com\/?s={search_term_string}"},"query-input":{"@type":"PropertyValueSpecification","valueRequired":true,"valueName":"search_term_string"}}],"inLanguage":"es"}]}},"_links":{"self":[{"href":"https:\/\/marthahernandezabogada.com\/index.php?rest_route=\/wp\/v2\/pages\/283","targetHints":{"allow":["GET"]}}],"collection":[{"href":"https:\/\/marthahernandezabogada.com\/index.php?rest_route=\/wp\/v2\/pages"}],"about":[{"href":"https:\/\/marthahernandezabogada.com\/index.php?rest_route=\/wp\/v2\/types\/page"}],"author":[{"embeddable":true,"href":"https:\/\/marthahernandezabogada.com\/index.php?rest_route=\/wp\/v2\/users\/1"}],"replies":[{"embeddable":true,"href":"https:\/\/marthahernandezabogada.com\/index.php?rest_route=%2Fwp%2Fv2%2Fcomments&post=283"}],"version-history":[{"count":18,"href":"https:\/\/marthahernandezabogada.com\/index.php?rest_route=\/wp\/v2\/pages\/283\/revisions"}],"predecessor-version":[{"id":526,"href":"https:\/\/marthahernandezabogada.com\/index.php?rest_route=\/wp\/v2\/pages\/283\/revisions\/526"}],"wp:attachment":[{"href":"https:\/\/marthahernandezabogada.com\/index.php?rest_route=%2Fwp%2Fv2%2Fmedia&parent=283"}],"curies":[{"name":"wp","href":"https:\/\/api.w.org\/{rel}","templated":true}]}}