{"id":389,"date":"2025-10-30T20:13:00","date_gmt":"2025-10-30T20:13:00","guid":{"rendered":"https:\/\/marthahernandezabogada.com\/?page_id=389"},"modified":"2025-11-04T23:03:05","modified_gmt":"2025-11-04T23:03:05","slug":"exequatur","status":"publish","type":"page","link":"https:\/\/marthahernandezabogada.com\/?page_id=389","title":{"rendered":"Exequatur"},"content":{"rendered":"<p>[et_pb_section fb_built=\u00bb1&#8243; admin_label=\u00bbSubscribe\u00bb _builder_version=\u00bb4.27.4&#8243; _module_preset=\u00bbdefault\u00bb use_background_color_gradient=\u00bbon\u00bb background_color_gradient_direction=\u00bb147deg\u00bb background_color_gradient_stops=\u00bbrgba(249,246,241,0.7) 71%|rgba(249,246,241,0.7) 100%\u00bb background_color_gradient_overlays_image=\u00bbon\u00bb background_image=\u00bbhttps:\/\/marthahernandezabogada.com\/wp-content\/uploads\/2025\/10\/mkuesters_Marta_Fin_highres-12-scaled.jpg\u00bb saved_tabs=\u00bball\u00bb collapsed=\u00bbon\u00bb global_colors_info=\u00bb{}\u00bb][et_pb_row column_structure=\u00bb1_2,1_2&#8243; _builder_version=\u00bb4.27.4&#8243; _module_preset=\u00bbdefault\u00bb max_width=\u00bb1740px\u00bb global_colors_info=\u00bb{}\u00bb][et_pb_column type=\u00bb1_2&#8243; _builder_version=\u00bb4.20.0&#8243; _module_preset=\u00bbdefault\u00bb global_colors_info=\u00bb{}\u00bb][et_pb_text _builder_version=\u00bb4.27.4&#8243; _module_preset=\u00bb9c821538-a5c4-4a08-b451-54c1327a7067&#8243; text_text_color=\u00bbgcid-body-color\u00bb text_font_size=\u00bb10px\u00bb header_text_align=\u00bbleft\u00bb header_font_size=\u00bb40px\u00bb text_orientation=\u00bbcenter\u00bb custom_margin=\u00bb||10px||false|false\u00bb global_colors_info=\u00bb{%22gcid-606d042f-c90f-4ea6-97e7-7b08f1ba25f6%22:%91%22header_2_text_color%22%93,%22gcid-body-color%22:%91%22text_text_color%22%93}\u00bb]<\/p>\n<h1 style=\"text-align: center;\"><strong>Exequ\u00e1tur &#8211;\u00a0Reconocimiento de Sentencias Extranjeras\u00a0<\/strong><\/h1>\n<p>[\/et_pb_text][et_pb_text _builder_version=\u00bb4.27.4&#8243; _module_preset=\u00bb83f25028-2525-4eee-b80e-80e940a5db8a\u00bb text_text_color=\u00bbgcid-body-color\u00bb header_text_color=\u00bbgcid-body-color\u00bb text_orientation=\u00bbcenter\u00bb custom_padding=\u00bb0px|||||\u00bb global_colors_info=\u00bb{%22gcid-606d042f-c90f-4ea6-97e7-7b08f1ba25f6%22:%91%22text_text_color%22%93,%22gcid-body-color%22:%91%22text_text_color%22,%22header_text_color%22%93}\u00bb]<\/p>\n<h3><span style=\"color: #7a6c61;\">Porque la justicia no debe tener fronteras, sino continuidad.<\/span><\/h3>\n<p>[\/et_pb_text][et_pb_button button_url=\u00bb@ET-DC@eyJkeW5hbWljIjp0cnVlLCJjb250ZW50IjoicG9zdF9saW5rX3VybF9wYWdlIiwic2V0dGluZ3MiOnsicG9zdF9pZCI6IjI4MyJ9fQ==@\u00bb button_text=\u00bbAgenda tu consulta\u00bb button_alignment=\u00bbcenter\u00bb _builder_version=\u00bb4.27.4&#8243; _dynamic_attributes=\u00bbbutton_url\u00bb _module_preset=\u00bbdefault\u00bb custom_button=\u00bbon\u00bb button_text_color=\u00bbgcid-de71f7e9-c73d-4bf6-9384-53a89cf199ff\u00bb button_bg_color=\u00bbgcid-body-color\u00bb button_letter_spacing=\u00bb2px\u00bb global_colors_info=\u00bb{%22gcid-d25112c0-7b42-46ff-8371-eb895a856019%22:%91%22button_text_color%22%93,%22gcid-de71f7e9-c73d-4bf6-9384-53a89cf199ff%22:%91%22button_text_color%22%93,%22gcid-body-color%22:%91%22button_bg_color%22%93}\u00bb][\/et_pb_button][\/et_pb_column][et_pb_column type=\u00bb1_2&#8243; _builder_version=\u00bb4.20.0&#8243; _module_preset=\u00bbdefault\u00bb global_colors_info=\u00bb{}\u00bb][\/et_pb_column][\/et_pb_row][\/et_pb_section][et_pb_section fb_built=\u00bb1&#8243; admin_label=\u00bbService\u00bb _builder_version=\u00bb4.27.4&#8243; _module_preset=\u00bbdefault\u00bb background_color=\u00bbgcid-803cbec3-ce51-4865-83f1-75b1ba8d83fc\u00bb custom_padding=\u00bb0px||0px||true|false\u00bb collapsed=\u00bbon\u00bb global_colors_info=\u00bb{%22gcid-803cbec3-ce51-4865-83f1-75b1ba8d83fc%22:%91%22background_color%22%93}\u00bb][et_pb_row column_structure=\u00bb1_2,1_2&#8243; make_equal=\u00bbon\u00bb _builder_version=\u00bb4.27.4&#8243; _module_preset=\u00bbdefault\u00bb width=\u00bb100%\u00bb max_width=\u00bb1025px\u00bb custom_padding=\u00bb0px||0px||true|false\u00bb box_shadow_style=\u00bbpreset4&#8243; box_shadow_horizontal=\u00bb30vw\u00bb box_shadow_vertical=\u00bb0px\u00bb box_shadow_color=\u00bbgcid-606d042f-c90f-4ea6-97e7-7b08f1ba25f6&#8243; box_shadow_color_tablet=\u00bbRGBA(255,255,255,0)\u00bb box_shadow_color_phone=\u00bbRGBA(255,255,255,0)\u00bb box_shadow_color_last_edited=\u00bbon|tablet\u00bb global_colors_info=\u00bb{%22gcid-606d042f-c90f-4ea6-97e7-7b08f1ba25f6%22:%91%22box_shadow_color%22%93}\u00bb][et_pb_column type=\u00bb1_2&#8243; _builder_version=\u00bb4.20.0&#8243; _module_preset=\u00bbdefault\u00bb custom_padding=\u00bb60px||||false|false\u00bb custom_padding_tablet=\u00bb30px||||false|false\u00bb custom_padding_phone=\u00bb30px||||false|false\u00bb custom_padding_last_edited=\u00bbon|tablet\u00bb global_colors_info=\u00bb{}\u00bb][et_pb_image src=\u00bbhttps:\/\/marthahernandezabogada.com\/wp-content\/uploads\/2025\/10\/mkuesters_Marta_Fin_highres-35-scaled.jpg\u00bb title_text=\u00bbmkuesters_Marta_Fin_highres-35&#8243; _builder_version=\u00bb4.27.4&#8243; _module_preset=\u00bbdefault\u00bb global_colors_info=\u00bb{}\u00bb][\/et_pb_image][\/et_pb_column][et_pb_column type=\u00bb1_2&#8243; _builder_version=\u00bb4.20.0&#8243; _module_preset=\u00bbdefault\u00bb background_color=\u00bbgcid-606d042f-c90f-4ea6-97e7-7b08f1ba25f6&#8243; custom_padding=\u00bb60px|60px|60px|60px|true|true\u00bb custom_padding_tablet=\u00bb30px|30px|30px|30px|true|true\u00bb custom_padding_phone=\u00bb20px|20px|20px|20px|true|true\u00bb custom_padding_last_edited=\u00bbon|tablet\u00bb global_colors_info=\u00bb{%22gcid-606d042f-c90f-4ea6-97e7-7b08f1ba25f6%22:%91%22background_color%22%93}\u00bb][et_pb_text _builder_version=\u00bb4.27.4&#8243; _module_preset=\u00bb83f25028-2525-4eee-b80e-80e940a5db8a\u00bb text_text_color=\u00bb#FFFFFF\u00bb custom_padding=\u00bb||1px|||\u00bb global_colors_info=\u00bb{}\u00bb]<\/p>\n<p data-start=\"1266\" data-end=\"1458\">Te acompa\u00f1o en el proceso de reconocimiento en Espa\u00f1a de <strong data-start=\"1323\" data-end=\"1363\">sentencias dictadas en el extranjero<\/strong>, para que tus derechos y resoluciones judiciales tengan plena validez en territorio espa\u00f1ol.<\/p>\n<p data-start=\"1465\" data-end=\"1738\">Tramito y represento casos de <strong data-start=\"1495\" data-end=\"1508\">exequ\u00e1tur<\/strong> con un enfoque claro, \u00e9tico y humano, asegurando que cada resoluci\u00f3n \u2014de divorcio, custodia, adopci\u00f3n, pensi\u00f3n alimenticia u otros \u00e1mbitos civiles\u2014 sea reconocida conforme a la ley espa\u00f1ola y produzca efectos jur\u00eddicos en Espa\u00f1a.<\/p>\n<p>[\/et_pb_text][\/et_pb_column][\/et_pb_row][\/et_pb_section][et_pb_section fb_built=\u00bb1&#8243; _builder_version=\u00bb4.27.4&#8243; _module_preset=\u00bbdefault\u00bb global_colors_info=\u00bb{}\u00bb][et_pb_row _builder_version=\u00bb4.27.4&#8243; _module_preset=\u00bbdefault\u00bb global_colors_info=\u00bb{}\u00bb][et_pb_column type=\u00bb4_4&#8243; _builder_version=\u00bb4.27.4&#8243; _module_preset=\u00bbdefault\u00bb global_colors_info=\u00bb{}\u00bb][et_pb_heading title=\u00bbMis servicios incluyen:\u00bb _builder_version=\u00bb4.27.4&#8243; _module_preset=\u00bbdefault\u00bb global_colors_info=\u00bb{}\u00bb][\/et_pb_heading][\/et_pb_column][\/et_pb_row][et_pb_row column_structure=\u00bb1_4,1_4,1_4,1_4&#8243; _builder_version=\u00bb4.27.4&#8243; _module_preset=\u00bbdefault\u00bb global_colors_info=\u00bb{}\u00bb][et_pb_column type=\u00bb1_4&#8243; _builder_version=\u00bb4.27.4&#8243; _module_preset=\u00bbdefault\u00bb global_colors_info=\u00bb{}\u00bb][et_pb_blurb title=\u00bbEstudio previo y revisi\u00f3n documental\u00bb use_icon=\u00bbon\u00bb font_icon=\u00bb&#xe101;||divi||400&#8243; image_icon_width=\u00bb46px\u00bb _builder_version=\u00bb4.27.4&#8243; _module_preset=\u00bbdefault\u00bb header_font_size=\u00bb22px\u00bb background_color=\u00bbgcid-de71f7e9-c73d-4bf6-9384-53a89cf199ff\u00bb image_icon_custom_margin=\u00bb10px||||false|false\u00bb text_orientation=\u00bbcenter\u00bb hover_enabled=\u00bb0&#8243; box_shadow_style=\u00bbpreset1&#8243; global_colors_info=\u00bb{%22gcid-de71f7e9-c73d-4bf6-9384-53a89cf199ff%22:%91%22background_color%22%93}\u00bb custom_margin=\u00bb0px||||false|false\u00bb custom_padding=\u00bb15px|15px|15px|15px|false|false\u00bb sticky_enabled=\u00bb0&#8243;]<\/p>\n<p>An\u00e1lisis de la viabilidad jur\u00eddica del reconocimiento y verificaci\u00f3n de los requisitos legales.<\/p>\n<p>[\/et_pb_blurb][\/et_pb_column][et_pb_column type=\u00bb1_4&#8243; _builder_version=\u00bb4.27.4&#8243; _module_preset=\u00bbdefault\u00bb global_colors_info=\u00bb{}\u00bb][et_pb_blurb title=\u00bbPresentaci\u00f3n y seguimiento judicial\u00bb use_icon=\u00bbon\u00bb font_icon=\u00bb&#xf24e;||fa||900&#8243; image_icon_width=\u00bb45px\u00bb _builder_version=\u00bb4.27.4&#8243; _module_preset=\u00bbdefault\u00bb header_font_size=\u00bb22px\u00bb background_color=\u00bbgcid-de71f7e9-c73d-4bf6-9384-53a89cf199ff\u00bb image_icon_custom_margin=\u00bb10px||||false|false\u00bb text_orientation=\u00bbcenter\u00bb hover_enabled=\u00bb0&#8243; box_shadow_style=\u00bbpreset1&#8243; global_colors_info=\u00bb{%22gcid-de71f7e9-c73d-4bf6-9384-53a89cf199ff%22:%91%22background_color%22%93}\u00bb custom_padding=\u00bb15px|15px|15px|15px|false|false\u00bb sticky_enabled=\u00bb0&#8243;]<\/p>\n<p>Tramitaci\u00f3n del procedimiento de exequ\u00e1tur ante los tribunales espa\u00f1oles competentes.<\/p>\n<p>[\/et_pb_blurb][\/et_pb_column][et_pb_column type=\u00bb1_4&#8243; _builder_version=\u00bb4.27.4&#8243; _module_preset=\u00bbdefault\u00bb global_colors_info=\u00bb{}\u00bb][et_pb_blurb title=\u00bbCoordinaci\u00f3n internacional \u00bb use_icon=\u00bbon\u00bb font_icon=\u00bb&#xf57d;||fa||900&#8243; image_icon_width=\u00bb45px\u00bb _builder_version=\u00bb4.27.4&#8243; _module_preset=\u00bbdefault\u00bb header_font_size=\u00bb22px\u00bb background_color=\u00bbgcid-de71f7e9-c73d-4bf6-9384-53a89cf199ff\u00bb image_icon_custom_margin=\u00bb10px||0px||false|false\u00bb text_orientation=\u00bbcenter\u00bb hover_enabled=\u00bb0&#8243; box_shadow_style=\u00bbpreset1&#8243; global_colors_info=\u00bb{%22gcid-de71f7e9-c73d-4bf6-9384-53a89cf199ff%22:%91%22background_color%22%93}\u00bb custom_padding=\u00bb15px|15px|15px|15px|false|false\u00bb sticky_enabled=\u00bb0&#8243;]<\/p>\n<p>\u00a0Contacto con abogados\u00a0 \u00a0o autoridades\u00a0 del pa\u00eds de\u00a0 origen\u00a0 \u00a0cuando\u00a0 sea\u00a0 necesario.<\/p>\n<p>[\/et_pb_blurb][\/et_pb_column][et_pb_column type=\u00bb1_4&#8243; _builder_version=\u00bb4.27.4&#8243; _module_preset=\u00bbdefault\u00bb global_colors_info=\u00bb{}\u00bb][et_pb_blurb title=\u00bbAcompa\u00f1amiento integral\u00bb use_icon=\u00bbon\u00bb font_icon=\u00bb&#xf2b5;||fa||400&#8243; image_icon_width=\u00bb45px\u00bb _builder_version=\u00bb4.27.4&#8243; _module_preset=\u00bbdefault\u00bb header_font_size=\u00bb22px\u00bb background_color=\u00bbgcid-de71f7e9-c73d-4bf6-9384-53a89cf199ff\u00bb image_icon_custom_margin=\u00bb10px||0px||false|false\u00bb text_orientation=\u00bbcenter\u00bb hover_enabled=\u00bb0&#8243; box_shadow_style=\u00bbpreset1&#8243; global_colors_info=\u00bb{%22gcid-de71f7e9-c73d-4bf6-9384-53a89cf199ff%22:%91%22background_color%22%93}\u00bb custom_padding=\u00bb15px|15px|15px|15px|false|false\u00bb sticky_enabled=\u00bb0&#8243;]<\/p>\n<p>Asistencia personalizada hasta obtener la resoluci\u00f3n firme que da validez a la sentencia extranjera.<\/p>\n<p>[\/et_pb_blurb][\/et_pb_column][\/et_pb_row][et_pb_row _builder_version=\u00bb4.27.4&#8243; _module_preset=\u00bbdefault\u00bb global_colors_info=\u00bb{}\u00bb][et_pb_column type=\u00bb4_4&#8243; _builder_version=\u00bb4.27.4&#8243; _module_preset=\u00bbdefault\u00bb global_colors_info=\u00bb{}\u00bb][et_pb_heading title=\u00bbCada exequ\u00e1tur representa una historia personal o familiar que merece ser tratada con respeto, cuidado y rigor jur\u00eddico. Mi objetivo es que puedas hacer valer tus derechos o cerrar etapas importantes con serenidad y seguridad jur\u00eddica.\u00bb _builder_version=\u00bb4.27.4&#8243; _module_preset=\u00bbdefault\u00bb title_level=\u00bbh2&#8243; title_text_align=\u00bbcenter\u00bb title_text_color=\u00bbgcid-body-color\u00bb title_font_size=\u00bb18px\u00bb background_color=\u00bb#dae3e2&#8243; min_height=\u00bb127px\u00bb height=\u00bb100px\u00bb max_height=\u00bb1000px\u00bb custom_margin=\u00bb-30px||19px||false|false\u00bb custom_padding=\u00bb45px||||false|false\u00bb custom_padding_tablet=\u00bb45px||||false|false\u00bb custom_padding_phone=\u00bb8px||||false|false\u00bb custom_padding_last_edited=\u00bbon|desktop\u00bb global_colors_info=\u00bb{%22gcid-body-color%22:%91%22title_text_color%22%93}\u00bb][\/et_pb_heading][et_pb_button button_url=\u00bb@ET-DC@eyJkeW5hbWljIjp0cnVlLCJjb250ZW50IjoicG9zdF9saW5rX3VybF9wYWdlIiwic2V0dGluZ3MiOnsicG9zdF9pZCI6IjI4MyJ9fQ==@\u00bb button_text=\u00bbAgenda tu consulta\u00bb button_alignment=\u00bbcenter\u00bb _builder_version=\u00bb4.27.4&#8243; _dynamic_attributes=\u00bbbutton_url\u00bb _module_preset=\u00bbdefault\u00bb custom_button=\u00bbon\u00bb button_text_color=\u00bbgcid-de71f7e9-c73d-4bf6-9384-53a89cf199ff\u00bb button_bg_color=\u00bbgcid-body-color\u00bb button_letter_spacing=\u00bb2px\u00bb global_colors_info=\u00bb{%22gcid-d25112c0-7b42-46ff-8371-eb895a856019%22:%91%22button_text_color%22%93,%22gcid-de71f7e9-c73d-4bf6-9384-53a89cf199ff%22:%91%22button_text_color%22%93,%22gcid-body-color%22:%91%22button_bg_color%22%93}\u00bb][\/et_pb_button][\/et_pb_column][\/et_pb_row][\/et_pb_section]<\/p>\n","protected":false},"excerpt":{"rendered":"<p>Exequ\u00e1tur &#8211;\u00a0Reconocimiento de Sentencias Extranjeras\u00a0Porque la justicia no debe tener fronteras, sino continuidad.Te acompa\u00f1o en el proceso de reconocimiento en Espa\u00f1a de sentencias dictadas en el extranjero, para que tus derechos y resoluciones judiciales tengan plena validez en territorio espa\u00f1ol. Tramito y represento casos de exequ\u00e1tur con un enfoque claro, \u00e9tico y humano, asegurando que [&hellip;]<\/p>\n","protected":false},"author":1,"featured_media":0,"parent":0,"menu_order":0,"comment_status":"closed","ping_status":"closed","template":"","meta":{"_et_pb_use_builder":"on","_et_pb_old_content":"","_et_gb_content_width":"","footnotes":""},"class_list":["post-389","page","type-page","status-publish","hentry"],"yoast_head":"<!-- This site is optimized with the Yoast SEO plugin v27.0 - https:\/\/yoast.com\/product\/yoast-seo-wordpress\/ -->\n<title>Exequatur - Abogada Martha Hern\u00e1ndez<\/title>\n<meta name=\"robots\" content=\"index, follow, max-snippet:-1, max-image-preview:large, max-video-preview:-1\" \/>\n<link rel=\"canonical\" href=\"https:\/\/marthahernandezabogada.com\/?page_id=389\" \/>\n<meta property=\"og:locale\" content=\"es_ES\" \/>\n<meta property=\"og:type\" content=\"article\" \/>\n<meta property=\"og:title\" content=\"Exequatur - Abogada Martha Hern\u00e1ndez\" \/>\n<meta property=\"og:description\" content=\"Exequ\u00e1tur -\u00a0Reconocimiento de Sentencias Extranjeras\u00a0Porque la justicia no debe tener fronteras, sino continuidad.Te acompa\u00f1o en el proceso de reconocimiento en Espa\u00f1a de sentencias dictadas en el extranjero, para que tus derechos y resoluciones judiciales tengan plena validez en territorio espa\u00f1ol. Tramito y represento casos de exequ\u00e1tur con un enfoque claro, \u00e9tico y humano, asegurando que [&hellip;]\" \/>\n<meta property=\"og:url\" content=\"https:\/\/marthahernandezabogada.com\/?page_id=389\" \/>\n<meta property=\"og:site_name\" content=\"Abogada Martha Hern\u00e1ndez\" \/>\n<meta property=\"article:modified_time\" content=\"2025-11-04T23:03:05+00:00\" \/>\n<meta name=\"twitter:card\" content=\"summary_large_image\" \/>\n<meta name=\"twitter:label1\" content=\"Tiempo de lectura\" \/>\n\t<meta name=\"twitter:data1\" content=\"8 minutos\" \/>\n<script type=\"application\/ld+json\" class=\"yoast-schema-graph\">{\"@context\":\"https:\/\/schema.org\",\"@graph\":[{\"@type\":\"WebPage\",\"@id\":\"https:\/\/marthahernandezabogada.com\/?page_id=389\",\"url\":\"https:\/\/marthahernandezabogada.com\/?page_id=389\",\"name\":\"Exequatur - Abogada Martha Hern\u00e1ndez\",\"isPartOf\":{\"@id\":\"https:\/\/marthahernandezabogada.com\/#website\"},\"datePublished\":\"2025-10-30T20:13:00+00:00\",\"dateModified\":\"2025-11-04T23:03:05+00:00\",\"breadcrumb\":{\"@id\":\"https:\/\/marthahernandezabogada.com\/?page_id=389#breadcrumb\"},\"inLanguage\":\"es\",\"potentialAction\":[{\"@type\":\"ReadAction\",\"target\":[\"https:\/\/marthahernandezabogada.com\/?page_id=389\"]}]},{\"@type\":\"BreadcrumbList\",\"@id\":\"https:\/\/marthahernandezabogada.com\/?page_id=389#breadcrumb\",\"itemListElement\":[{\"@type\":\"ListItem\",\"position\":1,\"name\":\"Portada\",\"item\":\"https:\/\/marthahernandezabogada.com\/\"},{\"@type\":\"ListItem\",\"position\":2,\"name\":\"Exequatur\"}]},{\"@type\":\"WebSite\",\"@id\":\"https:\/\/marthahernandezabogada.com\/#website\",\"url\":\"https:\/\/marthahernandezabogada.com\/\",\"name\":\"Abogada Martha Hern\u00e1ndez\",\"description\":\"Abogada experta en Derechos Humanos, Extranjer\u00eda e infancia\",\"potentialAction\":[{\"@type\":\"SearchAction\",\"target\":{\"@type\":\"EntryPoint\",\"urlTemplate\":\"https:\/\/marthahernandezabogada.com\/?s={search_term_string}\"},\"query-input\":{\"@type\":\"PropertyValueSpecification\",\"valueRequired\":true,\"valueName\":\"search_term_string\"}}],\"inLanguage\":\"es\"}]}<\/script>\n<!-- \/ Yoast SEO plugin. -->","yoast_head_json":{"title":"Exequatur - Abogada Martha Hern\u00e1ndez","robots":{"index":"index","follow":"follow","max-snippet":"max-snippet:-1","max-image-preview":"max-image-preview:large","max-video-preview":"max-video-preview:-1"},"canonical":"https:\/\/marthahernandezabogada.com\/?page_id=389","og_locale":"es_ES","og_type":"article","og_title":"Exequatur - Abogada Martha Hern\u00e1ndez","og_description":"Exequ\u00e1tur -\u00a0Reconocimiento de Sentencias Extranjeras\u00a0Porque la justicia no debe tener fronteras, sino continuidad.Te acompa\u00f1o en el proceso de reconocimiento en Espa\u00f1a de sentencias dictadas en el extranjero, para que tus derechos y resoluciones judiciales tengan plena validez en territorio espa\u00f1ol. Tramito y represento casos de exequ\u00e1tur con un enfoque claro, \u00e9tico y humano, asegurando que [&hellip;]","og_url":"https:\/\/marthahernandezabogada.com\/?page_id=389","og_site_name":"Abogada Martha Hern\u00e1ndez","article_modified_time":"2025-11-04T23:03:05+00:00","twitter_card":"summary_large_image","twitter_misc":{"Tiempo de lectura":"8 minutos"},"schema":{"@context":"https:\/\/schema.org","@graph":[{"@type":"WebPage","@id":"https:\/\/marthahernandezabogada.com\/?page_id=389","url":"https:\/\/marthahernandezabogada.com\/?page_id=389","name":"Exequatur - Abogada Martha Hern\u00e1ndez","isPartOf":{"@id":"https:\/\/marthahernandezabogada.com\/#website"},"datePublished":"2025-10-30T20:13:00+00:00","dateModified":"2025-11-04T23:03:05+00:00","breadcrumb":{"@id":"https:\/\/marthahernandezabogada.com\/?page_id=389#breadcrumb"},"inLanguage":"es","potentialAction":[{"@type":"ReadAction","target":["https:\/\/marthahernandezabogada.com\/?page_id=389"]}]},{"@type":"BreadcrumbList","@id":"https:\/\/marthahernandezabogada.com\/?page_id=389#breadcrumb","itemListElement":[{"@type":"ListItem","position":1,"name":"Portada","item":"https:\/\/marthahernandezabogada.com\/"},{"@type":"ListItem","position":2,"name":"Exequatur"}]},{"@type":"WebSite","@id":"https:\/\/marthahernandezabogada.com\/#website","url":"https:\/\/marthahernandezabogada.com\/","name":"Abogada Martha Hern\u00e1ndez","description":"Abogada experta en Derechos Humanos, Extranjer\u00eda e infancia","potentialAction":[{"@type":"SearchAction","target":{"@type":"EntryPoint","urlTemplate":"https:\/\/marthahernandezabogada.com\/?s={search_term_string}"},"query-input":{"@type":"PropertyValueSpecification","valueRequired":true,"valueName":"search_term_string"}}],"inLanguage":"es"}]}},"_links":{"self":[{"href":"https:\/\/marthahernandezabogada.com\/index.php?rest_route=\/wp\/v2\/pages\/389","targetHints":{"allow":["GET"]}}],"collection":[{"href":"https:\/\/marthahernandezabogada.com\/index.php?rest_route=\/wp\/v2\/pages"}],"about":[{"href":"https:\/\/marthahernandezabogada.com\/index.php?rest_route=\/wp\/v2\/types\/page"}],"author":[{"embeddable":true,"href":"https:\/\/marthahernandezabogada.com\/index.php?rest_route=\/wp\/v2\/users\/1"}],"replies":[{"embeddable":true,"href":"https:\/\/marthahernandezabogada.com\/index.php?rest_route=%2Fwp%2Fv2%2Fcomments&post=389"}],"version-history":[{"count":9,"href":"https:\/\/marthahernandezabogada.com\/index.php?rest_route=\/wp\/v2\/pages\/389\/revisions"}],"predecessor-version":[{"id":504,"href":"https:\/\/marthahernandezabogada.com\/index.php?rest_route=\/wp\/v2\/pages\/389\/revisions\/504"}],"wp:attachment":[{"href":"https:\/\/marthahernandezabogada.com\/index.php?rest_route=%2Fwp%2Fv2%2Fmedia&parent=389"}],"curies":[{"name":"wp","href":"https:\/\/api.w.org\/{rel}","templated":true}]}}