{"id":70,"date":"2025-10-21T21:48:38","date_gmt":"2025-10-21T21:48:38","guid":{"rendered":"http:\/\/marthahernandezabogada.com\/?page_id=70"},"modified":"2025-10-29T23:24:14","modified_gmt":"2025-10-29T23:24:14","slug":"contacto","status":"publish","type":"page","link":"https:\/\/marthahernandezabogada.com\/?page_id=70","title":{"rendered":"Contacto"},"content":{"rendered":"<p>[et_pb_section fb_built=\u00bb1&#8243; admin_label=\u00bbHeader\u00bb _builder_version=\u00bb4.27.4&#8243; _module_preset=\u00bbdefault\u00bb background_color=\u00bb#f9f6f1&#8243; background_enable_image=\u00bboff\u00bb custom_padding=\u00bb||0px|||\u00bb background_color_gradient_direction_tablet=\u00bb180deg\u00bb collapsed=\u00bbon\u00bb global_colors_info=\u00bb{}\u00bb][et_pb_row column_structure=\u00bb1_2,1_2&#8243; custom_padding_last_edited=\u00bbon|desktop\u00bb _builder_version=\u00bb4.27.4&#8243; _module_preset=\u00bbdefault\u00bb background_color=\u00bbgcid-d25112c0-7b42-46ff-8371-eb895a856019&#8243; custom_padding=\u00bb40px|40px|40px|40px|true|true\u00bb custom_padding_tablet=\u00bb|40px||40px|false|true\u00bb custom_padding_phone=\u00bb|20px||20px|false|true\u00bb global_colors_info=\u00bb{%22gcid-d25112c0-7b42-46ff-8371-eb895a856019%22:%91%22background_color%22%93}\u00bb][et_pb_column type=\u00bb1_2&#8243; _builder_version=\u00bb4.27.4&#8243; _module_preset=\u00bbdefault\u00bb background_color=\u00bbgcid-d25112c0-7b42-46ff-8371-eb895a856019&#8243; custom_padding_tablet=\u00bb|30px||30px|false|true\u00bb custom_padding_phone=\u00bb|20px||20px|false|true\u00bb custom_padding_last_edited=\u00bbon|tablet\u00bb global_colors_info=\u00bb{%22gcid-d25112c0-7b42-46ff-8371-eb895a856019%22:%91%22background_color%22%93}\u00bb][et_pb_text _builder_version=\u00bb4.20.0&#8243; _module_preset=\u00bbc5c777ec-58a2-4776-af08-b71c5bb8a4fd\u00bb global_colors_info=\u00bb{}\u00bb]<\/p>\n<h1><span style=\"color: #7a6c61;\">Cont\u00e1ctaME<\/span><\/h1>\n<p>[\/et_pb_text][\/et_pb_column][et_pb_column type=\u00bb1_2&#8243; _builder_version=\u00bb4.20.0&#8243; _module_preset=\u00bbdefault\u00bb custom_padding_tablet=\u00bb|30px||30px|false|true\u00bb custom_padding_phone=\u00bb|20px||20px|false|true\u00bb custom_padding_last_edited=\u00bbon|tablet\u00bb global_colors_info=\u00bb{}\u00bb][\/et_pb_column][\/et_pb_row][et_pb_row column_structure=\u00bb1_2,1_2&#8243; use_custom_gutter=\u00bbon\u00bb gutter_width=\u00bb2&#8243; _builder_version=\u00bb4.20.0&#8243; _module_preset=\u00bbdefault\u00bb global_colors_info=\u00bb{}\u00bb][et_pb_column type=\u00bb1_2&#8243; _builder_version=\u00bb4.27.4&#8243; _module_preset=\u00bbdefault\u00bb global_colors_info=\u00bb{}\u00bb][et_pb_icon font_icon=\u00bb&#xf2b6;||fa||900&#8243; icon_color=\u00bb#c3b5ab\u00bb icon_width=\u00bb32px\u00bb _builder_version=\u00bb4.27.4&#8243; _module_preset=\u00bbdefault\u00bb global_colors_info=\u00bb{}\u00bb][\/et_pb_icon][et_pb_text _builder_version=\u00bb4.27.4&#8243; _module_preset=\u00bbf77f77bf-f24b-438f-83b0-fffb1d1574d0&#8243; text_text_color=\u00bbgcid-body-color\u00bb header_text_color=\u00bbgcid-body-color\u00bb header_4_text_color=\u00bbgcid-body-color\u00bb custom_margin=\u00bb||0px||false|false\u00bb global_colors_info=\u00bb{%22gcid-body-color%22:%91%22text_text_color%22,%22header_text_color%22,%22header_4_text_color%22%93}\u00bb]<\/p>\n<h4 style=\"text-align: center;\">Email<\/h4>\n<p>[\/et_pb_text][et_pb_text _builder_version=\u00bb4.27.4&#8243; _module_preset=\u00bbfe43e5c1-c514-4300-bc36-be7393763874&#8243; text_text_color=\u00bbgcid-secondary-color\u00bb link_text_color=\u00bbgcid-606d042f-c90f-4ea6-97e7-7b08f1ba25f6&#8243; link_option_url=\u00bbmailto:legal@marthahernandezabogada.com\u00bb link_option_url_new_window=\u00bbon\u00bb global_colors_info=\u00bb{%22gcid-606d042f-c90f-4ea6-97e7-7b08f1ba25f6%22:%91%22link_text_color%22%93,%22gcid-secondary-color%22:%91%22text_text_color%22%93}\u00bb]<\/p>\n<p style=\"text-align: center;\"><a href=\"mailto:#\">legal@marthahernandezabogada.com<\/a><\/p>\n<p>[\/et_pb_text][et_pb_icon font_icon=\u00bb&#xe090;||divi||400&#8243; icon_color=\u00bbgcid-7a02f245-10cf-4ba2-ac73-385345b5f54a\u00bb icon_width=\u00bb32px\u00bb _builder_version=\u00bb4.27.4&#8243; _module_preset=\u00bbdefault\u00bb global_colors_info=\u00bb{%22gcid-7a02f245-10cf-4ba2-ac73-385345b5f54a%22:%91%22icon_color%22%93}\u00bb][\/et_pb_icon][et_pb_text _builder_version=\u00bb4.27.4&#8243; _module_preset=\u00bbf77f77bf-f24b-438f-83b0-fffb1d1574d0&#8243; header_4_text_color=\u00bbgcid-body-color\u00bb custom_margin=\u00bb||0px||false|false\u00bb global_colors_info=\u00bb{%22gcid-body-color%22:%91%22header_4_text_color%22%93}\u00bb]<\/p>\n<h4 style=\"text-align: center;\">M\u00f3vil<\/h4>\n<p>[\/et_pb_text][et_pb_text _builder_version=\u00bb4.27.4&#8243; _module_preset=\u00bbfe43e5c1-c514-4300-bc36-be7393763874&#8243; link_text_color=\u00bbgcid-606d042f-c90f-4ea6-97e7-7b08f1ba25f6&#8243; link_option_url=\u00bbhttps:\/\/wa.me\/34656578698&#8243; link_option_url_new_window=\u00bbon\u00bb global_colors_info=\u00bb{%22gcid-606d042f-c90f-4ea6-97e7-7b08f1ba25f6%22:%91%22text_text_color%22,%22link_text_color%22%93}\u00bb]<\/p>\n<p style=\"text-align: center;\">+34 656 57 86 98<\/p>\n<p>[\/et_pb_text][et_pb_icon font_icon=\u00bb&#xf3c5;||fa||900&#8243; icon_color=\u00bbgcid-7a02f245-10cf-4ba2-ac73-385345b5f54a\u00bb icon_width=\u00bb32px\u00bb _builder_version=\u00bb4.27.4&#8243; _module_preset=\u00bbdefault\u00bb global_colors_info=\u00bb{%22gcid-7a02f245-10cf-4ba2-ac73-385345b5f54a%22:%91%22icon_color%22%93}\u00bb][\/et_pb_icon][et_pb_text _builder_version=\u00bb4.27.4&#8243; _module_preset=\u00bbf77f77bf-f24b-438f-83b0-fffb1d1574d0&#8243; header_4_text_color=\u00bbgcid-body-color\u00bb custom_margin=\u00bb||0px||false|false\u00bb global_colors_info=\u00bb{%22gcid-body-color%22:%91%22header_4_text_color%22%93}\u00bb]<\/p>\n<h4 style=\"text-align: center;\">Direcci\u00f3n<\/h4>\n<p>[\/et_pb_text][et_pb_text _builder_version=\u00bb4.27.4&#8243; _module_preset=\u00bbfe43e5c1-c514-4300-bc36-be7393763874&#8243; link_text_color=\u00bbgcid-606d042f-c90f-4ea6-97e7-7b08f1ba25f6&#8243; link_option_url=\u00bbhttps:\/\/maps.app.goo.gl\/RjzRUWeEkxUiXzsH7&#8243; link_option_url_new_window=\u00bbon\u00bb global_colors_info=\u00bb{%22gcid-606d042f-c90f-4ea6-97e7-7b08f1ba25f6%22:%91%22text_text_color%22,%22link_text_color%22%93}\u00bb]<\/p>\n<p style=\"text-align: center;\">Calle Vel\u00e1zquez 27, 1 exterior<br \/>izquierda. Madrid , 28001.<\/p>\n<p>[\/et_pb_text][\/et_pb_column][et_pb_column type=\u00bb1_2&#8243; _builder_version=\u00bb4.27.4&#8243; _module_preset=\u00bbdefault\u00bb global_colors_info=\u00bb{}\u00bb][et_pb_image src=\u00bbhttps:\/\/marthahernandezabogada.com\/wp-content\/uploads\/2025\/10\/mkuesters_Marta_Fin_highres-22-scaled.jpg\u00bb title_text=\u00bbmkuesters_Marta_Fin_highres-22&#8243; _builder_version=\u00bb4.27.4&#8243; _module_preset=\u00bbdefault\u00bb max_width=\u00bb68%\u00bb module_alignment=\u00bbcenter\u00bb global_colors_info=\u00bb{}\u00bb][\/et_pb_image][\/et_pb_column][\/et_pb_row][\/et_pb_section]<\/p>\n","protected":false},"excerpt":{"rendered":"<p>Cont\u00e1ctaMEEmaillegal@marthahernandezabogada.comM\u00f3vil+34 656 57 86 98Direcci\u00f3nCalle Vel\u00e1zquez 27, 1 exteriorizquierda. Madrid , 28001.<\/p>\n","protected":false},"author":1,"featured_media":0,"parent":0,"menu_order":0,"comment_status":"closed","ping_status":"closed","template":"","meta":{"_et_pb_use_builder":"on","_et_pb_old_content":"","_et_gb_content_width":"","footnotes":""},"class_list":["post-70","page","type-page","status-publish","hentry"],"yoast_head":"<!-- This site is optimized with the Yoast SEO plugin v27.0 - https:\/\/yoast.com\/product\/yoast-seo-wordpress\/ -->\n<title>Contacto - Abogada Martha Hern\u00e1ndez<\/title>\n<meta name=\"robots\" content=\"index, follow, max-snippet:-1, max-image-preview:large, max-video-preview:-1\" \/>\n<link rel=\"canonical\" href=\"https:\/\/marthahernandezabogada.com\/?page_id=70\" \/>\n<meta property=\"og:locale\" content=\"es_ES\" \/>\n<meta property=\"og:type\" content=\"article\" \/>\n<meta property=\"og:title\" content=\"Contacto - Abogada Martha Hern\u00e1ndez\" \/>\n<meta property=\"og:description\" content=\"Cont\u00e1ctaMEEmaillegal@marthahernandezabogada.comM\u00f3vil+34 656 57 86 98Direcci\u00f3nCalle Vel\u00e1zquez 27, 1 exteriorizquierda. Madrid , 28001.\" \/>\n<meta property=\"og:url\" content=\"https:\/\/marthahernandezabogada.com\/?page_id=70\" \/>\n<meta property=\"og:site_name\" content=\"Abogada Martha Hern\u00e1ndez\" \/>\n<meta property=\"article:modified_time\" content=\"2025-10-29T23:24:14+00:00\" \/>\n<meta name=\"twitter:card\" content=\"summary_large_image\" \/>\n<meta name=\"twitter:label1\" content=\"Tiempo de lectura\" \/>\n\t<meta name=\"twitter:data1\" content=\"4 minutos\" \/>\n<script type=\"application\/ld+json\" class=\"yoast-schema-graph\">{\"@context\":\"https:\/\/schema.org\",\"@graph\":[{\"@type\":\"WebPage\",\"@id\":\"https:\/\/marthahernandezabogada.com\/?page_id=70\",\"url\":\"https:\/\/marthahernandezabogada.com\/?page_id=70\",\"name\":\"Contacto - Abogada Martha Hern\u00e1ndez\",\"isPartOf\":{\"@id\":\"https:\/\/marthahernandezabogada.com\/#website\"},\"datePublished\":\"2025-10-21T21:48:38+00:00\",\"dateModified\":\"2025-10-29T23:24:14+00:00\",\"breadcrumb\":{\"@id\":\"https:\/\/marthahernandezabogada.com\/?page_id=70#breadcrumb\"},\"inLanguage\":\"es\",\"potentialAction\":[{\"@type\":\"ReadAction\",\"target\":[\"https:\/\/marthahernandezabogada.com\/?page_id=70\"]}]},{\"@type\":\"BreadcrumbList\",\"@id\":\"https:\/\/marthahernandezabogada.com\/?page_id=70#breadcrumb\",\"itemListElement\":[{\"@type\":\"ListItem\",\"position\":1,\"name\":\"Portada\",\"item\":\"https:\/\/marthahernandezabogada.com\/\"},{\"@type\":\"ListItem\",\"position\":2,\"name\":\"Contacto\"}]},{\"@type\":\"WebSite\",\"@id\":\"https:\/\/marthahernandezabogada.com\/#website\",\"url\":\"https:\/\/marthahernandezabogada.com\/\",\"name\":\"Abogada Martha Hern\u00e1ndez\",\"description\":\"Abogada experta en Derechos Humanos, Extranjer\u00eda e infancia\",\"potentialAction\":[{\"@type\":\"SearchAction\",\"target\":{\"@type\":\"EntryPoint\",\"urlTemplate\":\"https:\/\/marthahernandezabogada.com\/?s={search_term_string}\"},\"query-input\":{\"@type\":\"PropertyValueSpecification\",\"valueRequired\":true,\"valueName\":\"search_term_string\"}}],\"inLanguage\":\"es\"}]}<\/script>\n<!-- \/ Yoast SEO plugin. -->","yoast_head_json":{"title":"Contacto - Abogada Martha Hern\u00e1ndez","robots":{"index":"index","follow":"follow","max-snippet":"max-snippet:-1","max-image-preview":"max-image-preview:large","max-video-preview":"max-video-preview:-1"},"canonical":"https:\/\/marthahernandezabogada.com\/?page_id=70","og_locale":"es_ES","og_type":"article","og_title":"Contacto - Abogada Martha Hern\u00e1ndez","og_description":"Cont\u00e1ctaMEEmaillegal@marthahernandezabogada.comM\u00f3vil+34 656 57 86 98Direcci\u00f3nCalle Vel\u00e1zquez 27, 1 exteriorizquierda. Madrid , 28001.","og_url":"https:\/\/marthahernandezabogada.com\/?page_id=70","og_site_name":"Abogada Martha Hern\u00e1ndez","article_modified_time":"2025-10-29T23:24:14+00:00","twitter_card":"summary_large_image","twitter_misc":{"Tiempo de lectura":"4 minutos"},"schema":{"@context":"https:\/\/schema.org","@graph":[{"@type":"WebPage","@id":"https:\/\/marthahernandezabogada.com\/?page_id=70","url":"https:\/\/marthahernandezabogada.com\/?page_id=70","name":"Contacto - Abogada Martha Hern\u00e1ndez","isPartOf":{"@id":"https:\/\/marthahernandezabogada.com\/#website"},"datePublished":"2025-10-21T21:48:38+00:00","dateModified":"2025-10-29T23:24:14+00:00","breadcrumb":{"@id":"https:\/\/marthahernandezabogada.com\/?page_id=70#breadcrumb"},"inLanguage":"es","potentialAction":[{"@type":"ReadAction","target":["https:\/\/marthahernandezabogada.com\/?page_id=70"]}]},{"@type":"BreadcrumbList","@id":"https:\/\/marthahernandezabogada.com\/?page_id=70#breadcrumb","itemListElement":[{"@type":"ListItem","position":1,"name":"Portada","item":"https:\/\/marthahernandezabogada.com\/"},{"@type":"ListItem","position":2,"name":"Contacto"}]},{"@type":"WebSite","@id":"https:\/\/marthahernandezabogada.com\/#website","url":"https:\/\/marthahernandezabogada.com\/","name":"Abogada Martha Hern\u00e1ndez","description":"Abogada experta en Derechos Humanos, Extranjer\u00eda e infancia","potentialAction":[{"@type":"SearchAction","target":{"@type":"EntryPoint","urlTemplate":"https:\/\/marthahernandezabogada.com\/?s={search_term_string}"},"query-input":{"@type":"PropertyValueSpecification","valueRequired":true,"valueName":"search_term_string"}}],"inLanguage":"es"}]}},"_links":{"self":[{"href":"https:\/\/marthahernandezabogada.com\/index.php?rest_route=\/wp\/v2\/pages\/70","targetHints":{"allow":["GET"]}}],"collection":[{"href":"https:\/\/marthahernandezabogada.com\/index.php?rest_route=\/wp\/v2\/pages"}],"about":[{"href":"https:\/\/marthahernandezabogada.com\/index.php?rest_route=\/wp\/v2\/types\/page"}],"author":[{"embeddable":true,"href":"https:\/\/marthahernandezabogada.com\/index.php?rest_route=\/wp\/v2\/users\/1"}],"replies":[{"embeddable":true,"href":"https:\/\/marthahernandezabogada.com\/index.php?rest_route=%2Fwp%2Fv2%2Fcomments&post=70"}],"version-history":[{"count":22,"href":"https:\/\/marthahernandezabogada.com\/index.php?rest_route=\/wp\/v2\/pages\/70\/revisions"}],"predecessor-version":[{"id":372,"href":"https:\/\/marthahernandezabogada.com\/index.php?rest_route=\/wp\/v2\/pages\/70\/revisions\/372"}],"wp:attachment":[{"href":"https:\/\/marthahernandezabogada.com\/index.php?rest_route=%2Fwp%2Fv2%2Fmedia&parent=70"}],"curies":[{"name":"wp","href":"https:\/\/api.w.org\/{rel}","templated":true}]}}